{"id":12,"date":"2025-06-26T18:04:50","date_gmt":"2025-06-26T16:04:50","guid":{"rendered":"https:\/\/www.elpulguilla.com\/?page_id=12"},"modified":"2026-02-01T22:17:15","modified_gmt":"2026-02-01T21:17:15","slug":"tapas-bar-restaurante","status":"publish","type":"page","link":"https:\/\/www.elpulguilla.com\/en\/","title":{"rendered":"Tapas Bar &amp; Restaurant"},"content":{"rendered":"\t\t<div data-elementor-type=\"wp-page\" data-elementor-id=\"12\" class=\"elementor elementor-12\" data-elementor-post-type=\"page\">\n\t\t\t\t<div class=\"elementor-element elementor-element-d183823 e-con-full e-flex e-con e-parent\" data-id=\"d183823\" data-element_type=\"container\" data-e-type=\"container\">\n\t\t<div class=\"elementor-element elementor-element-24141b6 e-con-full e-flex e-con e-child\" data-id=\"24141b6\" data-element_type=\"container\" data-e-type=\"container\">\n\t\t<div class=\"elementor-element elementor-element-8b23143 e-con-full e-flex e-con e-child\" data-id=\"8b23143\" data-element_type=\"container\" data-e-type=\"container\">\n\t\t\t\t<div class=\"elementor-element elementor-element-5b4a894 elementor-widget elementor-widget-heading\" data-id=\"5b4a894\" data-element_type=\"widget\" data-e-type=\"widget\" data-widget_type=\"heading.default\">\n\t\t\t\t<div class=\"elementor-widget-container\">\n\t\t\t\t\t<h1 class=\"elementor-heading-title elementor-size-default\">El Pulguilla<\/h1>\t\t\t\t<\/div>\n\t\t\t\t<\/div>\n\t\t\t\t<div class=\"elementor-element elementor-element-fd52081 elementor-widget elementor-widget-heading\" data-id=\"fd52081\" data-element_type=\"widget\" data-e-type=\"widget\" data-widget_type=\"heading.default\">\n\t\t\t\t<div class=\"elementor-widget-container\">\n\t\t\t\t\t<h2 class=\"elementor-heading-title elementor-size-default\">Restaurante Bar<\/h2>\t\t\t\t<\/div>\n\t\t\t\t<\/div>\n\t\t\t\t<\/div>\n\t\t<div class=\"elementor-element elementor-element-0eba08b e-con-full e-flex e-con e-child\" data-id=\"0eba08b\" data-element_type=\"container\" data-e-type=\"container\">\n\t\t<div class=\"elementor-element elementor-element-748eca7 e-con-full e-flex e-con e-child\" data-id=\"748eca7\" data-element_type=\"container\" data-e-type=\"container\">\n\t\t\t\t<div class=\"elementor-element elementor-element-543c8b2 elementor-widget elementor-widget-text-editor\" data-id=\"543c8b2\" data-element_type=\"widget\" data-e-type=\"widget\" data-widget_type=\"text-editor.default\">\n\t\t\t\t<div class=\"elementor-widget-container\">\n\t\t\t\t\t\t\t\t\t<p>A pocos metros del Balc\u00f3n de Europa, s\u00edmbolo de Nerja, se encuentra el Bar-Restaurante El Pulguilla, en pleno coraz\u00f3n de Nerja. Con acceso a pie por Calle Cristo, o con veh\u00edculo por los Huertos de Carabeo. Disfrute del mejor pescado frito y marisco sin salir del casco antiguo de Nerja. Espacioso por dentro con un amplio sal\u00f3n acondicionado y una terraza espl\u00e9ndida.<\/p>\t\t\t\t\t\t\t\t<\/div>\n\t\t\t\t<\/div>\n\t\t\t\t<\/div>\n\t\t<div class=\"elementor-element elementor-element-01eff05 e-con-full e-flex e-con e-child\" data-id=\"01eff05\" data-element_type=\"container\" data-e-type=\"container\">\n\t\t\t\t<div class=\"elementor-element elementor-element-ac54afd elementor-hidden-mobile elementor-hidden-tablet elementor-widget elementor-widget-image\" data-id=\"ac54afd\" data-element_type=\"widget\" data-e-type=\"widget\" data-widget_type=\"image.default\">\n\t\t\t\t<div class=\"elementor-widget-container\">\n\t\t\t\t\t\t\t\t\t\t\t\t\t\t\t\t<a href=\"https:\/\/www.elpulguilla.com\/wp-content\/uploads\/el-pulguilla-bar-nerja.jpg\" data-elementor-open-lightbox=\"yes\" data-elementor-lightbox-title=\"El Pulguilla\" data-e-action-hash=\"#elementor-action%3Aaction%3Dlightbox%26settings%3DeyJpZCI6NjEsInVybCI6Imh0dHBzOlwvXC93d3cuZWxwdWxndWlsbGEuY29tXC93cC1jb250ZW50XC91cGxvYWRzXC9lbC1wdWxndWlsbGEtYmFyLW5lcmphLmpwZyJ9\">\n\t\t\t\t\t\t\t<img fetchpriority=\"high\" decoding=\"async\" width=\"600\" height=\"710\" src=\"https:\/\/www.elpulguilla.com\/wp-content\/uploads\/el-pulguilla-bar-nerja.jpg\" class=\"attachment-large size-large wp-image-61\" alt=\"El Pulguilla\" srcset=\"https:\/\/www.elpulguilla.com\/wp-content\/uploads\/el-pulguilla-bar-nerja.jpg 600w, https:\/\/www.elpulguilla.com\/wp-content\/uploads\/el-pulguilla-bar-nerja-254x300.jpg 254w\" sizes=\"(max-width: 600px) 100vw, 600px\" \/>\t\t\t\t\t\t\t\t<\/a>\n\t\t\t\t\t\t\t\t\t\t\t\t\t\t\t<\/div>\n\t\t\t\t<\/div>\n\t\t\t\t<\/div>\n\t\t\t\t<\/div>\n\t\t<div class=\"elementor-element elementor-element-f13c1ac e-con-full e-flex e-con e-child\" data-id=\"f13c1ac\" data-element_type=\"container\" data-e-type=\"container\">\n\t\t\t\t<div class=\"elementor-element elementor-element-36a50ee elementor-widget elementor-widget-text-editor\" data-id=\"36a50ee\" data-element_type=\"widget\" data-e-type=\"widget\" data-widget_type=\"text-editor.default\">\n\t\t\t\t<div class=\"elementor-widget-container\">\n\t\t\t\t\t\t\t\t\t<p>Donde podr\u00e1 degustar una gran variedad en pescado frito, la gran especialidad de la casa. Todo ello acompa\u00f1ado con los mejores vinos y con el mejor servicio.<\/p>\t\t\t\t\t\t\t\t<\/div>\n\t\t\t\t<\/div>\n\t\t\t\t<\/div>\n\t\t\t\t<\/div>\n\t\t<div class=\"elementor-element elementor-element-1e2f3dd e-con-full e-flex e-con e-child\" data-id=\"1e2f3dd\" data-element_type=\"container\" data-e-type=\"container\" data-settings=\"{&quot;background_background&quot;:&quot;slideshow&quot;,&quot;background_slideshow_gallery&quot;:[{&quot;id&quot;:66,&quot;url&quot;:&quot;https:\\\/\\\/www.elpulguilla.com\\\/wp-content\\\/uploads\\\/bar-el-pulguilla.jpg&quot;},{&quot;id&quot;:68,&quot;url&quot;:&quot;https:\\\/\\\/www.elpulguilla.com\\\/wp-content\\\/uploads\\\/el-pulguilla-nerja.jpg&quot;},{&quot;id&quot;:67,&quot;url&quot;:&quot;https:\\\/\\\/www.elpulguilla.com\\\/wp-content\\\/uploads\\\/bar-pulguilla-nerja-1.jpg&quot;}],&quot;background_slideshow_loop&quot;:&quot;yes&quot;,&quot;background_slideshow_slide_duration&quot;:5000,&quot;background_slideshow_slide_transition&quot;:&quot;fade&quot;,&quot;background_slideshow_transition_duration&quot;:500}\">\n\t\t\t\t<div class=\"elementor-element elementor-element-23a2781 elementor-widget elementor-widget-spacer\" data-id=\"23a2781\" data-element_type=\"widget\" data-e-type=\"widget\" data-widget_type=\"spacer.default\">\n\t\t\t\t<div class=\"elementor-widget-container\">\n\t\t\t\t\t\t\t<div class=\"elementor-spacer\">\n\t\t\t<div class=\"elementor-spacer-inner\"><\/div>\n\t\t<\/div>\n\t\t\t\t\t\t<\/div>\n\t\t\t\t<\/div>\n\t\t\t\t<\/div>\n\t\t\t\t<\/div>\n\t\t<div class=\"elementor-element elementor-element-7c616d5 e-con-full e-flex e-con e-parent\" data-id=\"7c616d5\" data-element_type=\"container\" data-e-type=\"container\" data-settings=\"{&quot;background_background&quot;:&quot;classic&quot;}\">\n\t\t<div class=\"elementor-element elementor-element-05ca71d e-con-full e-flex e-con e-child\" data-id=\"05ca71d\" data-element_type=\"container\" data-e-type=\"container\">\n\t\t\t\t<div class=\"elementor-element elementor-element-c666174 elementor-headline--style-rotate elementor-widget-tablet__width-initial elementor-widget elementor-widget-animated-headline\" data-id=\"c666174\" data-element_type=\"widget\" data-e-type=\"widget\" data-settings=\"{&quot;headline_style&quot;:&quot;rotate&quot;,&quot;animation_type&quot;:&quot;flip&quot;,&quot;rotating_text&quot;:&quot;Pesca\\u00edto Frito\\nTapas\\nRaciones\\nMariscos&quot;,&quot;loop&quot;:&quot;yes&quot;,&quot;rotate_iteration_delay&quot;:2500}\" data-widget_type=\"animated-headline.default\">\n\t\t\t\t<div class=\"elementor-widget-container\">\n\t\t\t\t\t\t\t<h3 class=\"elementor-headline elementor-headline-animation-type-flip\">\n\t\t\t\t\t<span class=\"elementor-headline-plain-text elementor-headline-text-wrapper\">Gastronom\u00eda Mediterranea<\/span>\n\t\t\t\t<span class=\"elementor-headline-dynamic-wrapper elementor-headline-text-wrapper\">\n\t\t\t\t\t<span class=\"elementor-headline-dynamic-text elementor-headline-text-active\">\n\t\t\t\tPesca\u00edto&nbsp;Frito\t\t\t<\/span>\n\t\t\t\t\t<span class=\"elementor-headline-dynamic-text\">\n\t\t\t\tTapas\t\t\t<\/span>\n\t\t\t\t\t<span class=\"elementor-headline-dynamic-text\">\n\t\t\t\tRaciones\t\t\t<\/span>\n\t\t\t\t\t<span class=\"elementor-headline-dynamic-text\">\n\t\t\t\tMariscos\t\t\t<\/span>\n\t\t\t\t\t\t<\/span>\n\t\t\t\t<\/h3>\n\t\t\t\t\t\t<\/div>\n\t\t\t\t<\/div>\n\t\t\t\t<\/div>\n\t\t<div class=\"elementor-element elementor-element-f07b30e e-con-full e-flex e-con e-child\" data-id=\"f07b30e\" data-element_type=\"container\" data-e-type=\"container\">\n\t\t<div class=\"elementor-element elementor-element-646bbdc e-con-full e-flex e-con e-child\" data-id=\"646bbdc\" data-element_type=\"container\" data-e-type=\"container\">\n\t\t\t\t<div class=\"elementor-element elementor-element-75221ad elementor-widget elementor-widget-image-carousel\" data-id=\"75221ad\" data-element_type=\"widget\" data-e-type=\"widget\" data-settings=\"{&quot;slides_to_show&quot;:&quot;2&quot;,&quot;navigation&quot;:&quot;none&quot;,&quot;image_spacing_custom&quot;:{&quot;unit&quot;:&quot;px&quot;,&quot;size&quot;:10,&quot;sizes&quot;:[]},&quot;slides_to_show_tablet&quot;:&quot;4&quot;,&quot;autoplay&quot;:&quot;yes&quot;,&quot;pause_on_hover&quot;:&quot;yes&quot;,&quot;pause_on_interaction&quot;:&quot;yes&quot;,&quot;autoplay_speed&quot;:5000,&quot;infinite&quot;:&quot;yes&quot;,&quot;speed&quot;:500,&quot;image_spacing_custom_tablet&quot;:{&quot;unit&quot;:&quot;px&quot;,&quot;size&quot;:&quot;&quot;,&quot;sizes&quot;:[]},&quot;image_spacing_custom_mobile&quot;:{&quot;unit&quot;:&quot;px&quot;,&quot;size&quot;:&quot;&quot;,&quot;sizes&quot;:[]}}\" data-widget_type=\"image-carousel.default\">\n\t\t\t\t<div class=\"elementor-widget-container\">\n\t\t\t\t\t\t\t<div class=\"elementor-image-carousel-wrapper swiper\" role=\"region\" aria-roledescription=\"carousel\" aria-label=\"Carrusel de im\u00e1genes\" dir=\"ltr\">\n\t\t\t<div class=\"elementor-image-carousel swiper-wrapper\" aria-live=\"off\">\n\t\t\t\t\t\t\t\t<div class=\"swiper-slide\" role=\"group\" aria-roledescription=\"slide\" aria-label=\"1 de 10\"><figure class=\"swiper-slide-inner\"><img decoding=\"async\" class=\"swiper-slide-image\" src=\"https:\/\/www.elpulguilla.com\/wp-content\/uploads\/calamares.jpg\" alt=\"calamares\" \/><\/figure><\/div><div class=\"swiper-slide\" role=\"group\" aria-roledescription=\"slide\" aria-label=\"2 de 10\"><figure class=\"swiper-slide-inner\"><img decoding=\"async\" class=\"swiper-slide-image\" src=\"https:\/\/www.elpulguilla.com\/wp-content\/uploads\/gamba-plancha.jpg\" alt=\"gamba-plancha\" \/><\/figure><\/div><div class=\"swiper-slide\" role=\"group\" aria-roledescription=\"slide\" aria-label=\"3 de 10\"><figure class=\"swiper-slide-inner\"><img decoding=\"async\" class=\"swiper-slide-image\" src=\"https:\/\/www.elpulguilla.com\/wp-content\/uploads\/mejillones-racion.jpg\" alt=\"mejillones-racion\" \/><\/figure><\/div><div class=\"swiper-slide\" role=\"group\" aria-roledescription=\"slide\" aria-label=\"4 de 10\"><figure class=\"swiper-slide-inner\"><img decoding=\"async\" class=\"swiper-slide-image\" src=\"https:\/\/www.elpulguilla.com\/wp-content\/uploads\/paellas.jpg\" alt=\"paellas\" \/><\/figure><\/div><div class=\"swiper-slide\" role=\"group\" aria-roledescription=\"slide\" aria-label=\"5 de 10\"><figure class=\"swiper-slide-inner\"><img decoding=\"async\" class=\"swiper-slide-image\" src=\"https:\/\/www.elpulguilla.com\/wp-content\/uploads\/pilpil.jpg\" alt=\"pilpil\" \/><\/figure><\/div><div class=\"swiper-slide\" role=\"group\" aria-roledescription=\"slide\" aria-label=\"6 de 10\"><figure class=\"swiper-slide-inner\"><img decoding=\"async\" class=\"swiper-slide-image\" src=\"https:\/\/www.elpulguilla.com\/wp-content\/uploads\/racion-almejas.jpg\" alt=\"racion-almejas\" \/><\/figure><\/div><div class=\"swiper-slide\" role=\"group\" aria-roledescription=\"slide\" aria-label=\"7 de 10\"><figure class=\"swiper-slide-inner\"><img decoding=\"async\" class=\"swiper-slide-image\" src=\"https:\/\/www.elpulguilla.com\/wp-content\/uploads\/raciones-pescados.jpg\" alt=\"raciones-pescados\" \/><\/figure><\/div><div class=\"swiper-slide\" role=\"group\" aria-roledescription=\"slide\" aria-label=\"8 de 10\"><figure class=\"swiper-slide-inner\"><img decoding=\"async\" class=\"swiper-slide-image\" src=\"https:\/\/www.elpulguilla.com\/wp-content\/uploads\/raciones-pulpo-1.jpg\" alt=\"raciones-pulpo-1\" \/><\/figure><\/div><div class=\"swiper-slide\" role=\"group\" aria-roledescription=\"slide\" aria-label=\"9 de 10\"><figure class=\"swiper-slide-inner\"><img decoding=\"async\" class=\"swiper-slide-image\" src=\"https:\/\/www.elpulguilla.com\/wp-content\/uploads\/sepiaplancha.jpg\" alt=\"sepiaplancha\" \/><\/figure><\/div><div class=\"swiper-slide\" role=\"group\" aria-roledescription=\"slide\" aria-label=\"10 de 10\"><figure class=\"swiper-slide-inner\"><img decoding=\"async\" class=\"swiper-slide-image\" src=\"https:\/\/www.elpulguilla.com\/wp-content\/uploads\/vieras.jpg\" alt=\"vieras\" \/><\/figure><\/div>\t\t\t<\/div>\n\t\t\t\t\t\t\t\n\t\t\t\t\t\t\t\t\t<\/div>\n\t\t\t\t\t\t<\/div>\n\t\t\t\t<\/div>\n\t\t\t\t<\/div>\n\t\t<div class=\"elementor-element elementor-element-850da09 e-con-full e-flex e-con e-child\" data-id=\"850da09\" data-element_type=\"container\" data-e-type=\"container\">\n\t\t\t\t<div class=\"elementor-element elementor-element-2fedb47 elementor-widget elementor-widget-text-editor\" data-id=\"2fedb47\" data-element_type=\"widget\" data-e-type=\"widget\" data-widget_type=\"text-editor.default\">\n\t\t\t\t<div class=\"elementor-widget-container\">\n\t\t\t\t\t\t\t\t\t<p>Especialidad en pescado frito, y una amplia variedad de platos de cocina Mediterr\u00e1nea, Mariscos, Raciones, y Tapas.<br \/>Desde las cl\u00e1sicas frituras de boquerones, calamares y gambas, hasta otras delicias preparadas con maestr\u00eda por el equipo de cocineros de El Pulguilla. Sabores frescos y texturas crujientes con los mejores productos locales.<\/p><p>Para complementar una experiencia culinaria, disfruta de una selecci\u00f3n de los mejores vinos para maridar con tu comida. El equipo de sala estar\u00e1 encantado de recomendarte la mejor opci\u00f3n para acompa\u00f1ar tus platos favoritos.<\/p>\t\t\t\t\t\t\t\t<\/div>\n\t\t\t\t<\/div>\n\t\t\t\t<div class=\"elementor-element elementor-element-82ca7bd elementor-widget elementor-widget-heading\" data-id=\"82ca7bd\" data-element_type=\"widget\" data-e-type=\"widget\" data-widget_type=\"heading.default\">\n\t\t\t\t<div class=\"elementor-widget-container\">\n\t\t\t\t\t<h3 class=\"elementor-heading-title elementor-size-default\">Pesca\u00edto frito malague\u00f1o en el casco hist\u00f3rico de Nerja<\/h3>\t\t\t\t<\/div>\n\t\t\t\t<\/div>\n\t\t\t\t<\/div>\n\t\t\t\t<\/div>\n\t\t\t\t<\/div>\n\t\t<div class=\"elementor-element elementor-element-3975448 e-con-full e-flex e-con e-parent\" data-id=\"3975448\" data-element_type=\"container\" data-e-type=\"container\">\n\t\t<div class=\"elementor-element elementor-element-98218bb e-con-full e-flex e-con e-child\" data-id=\"98218bb\" data-element_type=\"container\" data-e-type=\"container\">\n\t\t\t\t<div class=\"elementor-element elementor-element-4770507 elementor-position-inline-start elementor-view-default elementor-mobile-position-block-start elementor-widget elementor-widget-icon-box\" data-id=\"4770507\" data-element_type=\"widget\" data-e-type=\"widget\" data-widget_type=\"icon-box.default\">\n\t\t\t\t<div class=\"elementor-widget-container\">\n\t\t\t\t\t\t\t<div class=\"elementor-icon-box-wrapper\">\n\n\t\t\t\t\t\t<div class=\"elementor-icon-box-icon\">\n\t\t\t\t<span  class=\"elementor-icon\">\n\t\t\t\t<svg xmlns=\"http:\/\/www.w3.org\/2000\/svg\" xmlns:xlink=\"http:\/\/www.w3.org\/1999\/xlink\" id=\"Capa_3\" x=\"0px\" y=\"0px\" viewBox=\"0 0 200 200\" style=\"enable-background:new 0 0 200 200;\" xml:space=\"preserve\">  <g>\t<path d=\"M37.4,131.6c-8,0-11.7-3-12-3.2c-0.7-0.6-0.7-1.5-0.2-2.2c0.1-0.1,0.2-0.2,0.3-0.2c5.8-4.3,10.2-9.9,13.1-14.2   c-12.8-10.6-20.1-25.4-20.1-40.9c0-15,6.6-29,18.5-39.5C48.8,20.8,64.6,15,81.4,15c13,0,25.5,3.5,36.2,10.1   c10.4,6.5,18.3,15.5,22.7,26.1c2.6,6.2,4,12.9,4,19.6c0,14.2-6,27.7-16.9,38.1l-0.1,0.1c-0.6,0.6-1.2,1.1-1.8,1.6   C113.7,121,98,126.7,81.4,126.7c-6.2,0-12.3-0.8-18.3-2.4l-0.2,0C51.8,130,43.4,131.6,37.4,131.6L37.4,131.6z M29.2,127   c1.3,0.6,3.3,1.2,6.1,1.4c5.1,0.4,13.8-0.6,26.7-7.2c0.4-0.2,0.8-0.2,1.1-0.1c0.2,0.1,0.5,0.1,0.7,0.2c5.7,1.5,11.6,2.3,17.5,2.3   c15.9,0,30.8-5.4,42.1-15.3c0.5-0.5,1.1-1,1.6-1.5l0.1-0.1c10.3-9.8,16-22.5,16-35.9c0-6.3-1.3-12.6-3.8-18.4   c-8.7-20.5-31.2-34.3-56-34.3c-33,0-59.8,23.6-59.8,52.7c0,15,7.3,29.4,20,39.4c0.6,0.5,0.8,1.4,0.4,2.1   C39.3,116.5,35.1,122.3,29.2,127L29.2,127z\"><\/path>\t<path d=\"M48.8,79.1c-4.5,0-8.2-3.7-8.2-8.2s3.7-8.2,8.2-8.2s8.2,3.7,8.2,8.2C57.1,75.4,53.4,79.1,48.8,79.1L48.8,79.1z M48.8,65.7   c-2.8,0-5.1,2.3-5.1,5.1c0,2.8,2.3,5.1,5.1,5.1c2.8,0,5.1-2.3,5.1-5.1l0,0C54,68,51.7,65.7,48.8,65.7L48.8,65.7z\"><\/path>\t<path d=\"M81.4,79.1c-4.5,0-8.2-3.7-8.2-8.2c0-4.5,3.7-8.2,8.2-8.2c4.5,0,8.2,3.7,8.2,8.2C89.6,75.4,85.9,79.1,81.4,79.1z    M81.4,65.7c-2.8,0-5.1,2.3-5.1,5.1s2.3,5.1,5.1,5.1s5.1-2.3,5.1-5.1C86.5,68,84.2,65.7,81.4,65.7z\"><\/path>\t<path d=\"M113.9,79.1c-4.5,0-8.2-3.7-8.2-8.2c0-4.5,3.7-8.2,8.2-8.2c4.5,0,8.2,3.7,8.2,8.2v0C122.1,75.4,118.4,79.1,113.9,79.1z    M113.9,65.7c-2.8,0-5.1,2.3-5.1,5.1c0,2.8,2.3,5.1,5.1,5.1c2.8,0,5.1-2.3,5.1-5.1v0C119,68,116.7,65.7,113.9,65.7z\"><\/path>\t<path d=\"M86.6,147.7c-0.3,0-0.5-0.1-0.7-0.2c-10.6-5.8-19-14.1-24.2-24.1c-0.4-0.8-0.1-1.7,0.7-2.1c0.8-0.4,1.7-0.1,2.1,0.7   c4.9,9.5,12.9,17.3,23,22.8c0.8,0.4,1,1.4,0.6,2.1C87.7,147.3,87.1,147.7,86.6,147.7L86.6,147.7z\"><\/path>\t<path d=\"M162.6,160.6c-6,0-14.4-1.7-25.6-7.4c-1.9,0.5-3.9,1-5.9,1.3c-0.9,0.2-1.7-0.4-1.8-1.3c-0.2-0.9,0.4-1.7,1.3-1.8l0,0   c2.1-0.4,4.2-0.9,6.2-1.4c0.4-0.1,0.8-0.1,1.1,0.1c12.9,6.7,21.6,7.6,26.7,7.2c2.8-0.2,4.8-0.8,6.1-1.4   c-5.8-4.7-10.1-10.5-12.7-14.8c-0.4-0.7-0.3-1.6,0.4-2.1c12.7-10,20-24.4,20-39.4c0-23.1-16.8-43.3-41.7-50.3   c-0.8-0.2-1.3-1.1-1.1-1.9c0.2-0.7,0.8-1.2,1.5-1.2c0.2,0,0.3,0,0.5,0.1c12.6,3.5,23.5,10.4,31.5,19.9c8.2,9.7,12.5,21.3,12.5,33.4   c0,15.5-7.3,30.4-20.1,40.9c2.8,4.3,7.2,9.9,13.1,14.2c0.7,0.5,0.8,1.5,0.3,2.2c-0.1,0.1-0.2,0.2-0.2,0.3   C174.3,157.6,170.6,160.6,162.6,160.6L162.6,160.6z\"><\/path>\t<path d=\"M96.7,175c-0.9,0-1.6-0.7-1.6-1.6c0-0.2,0-0.3,0.1-0.5l3.7-11.3l-9.6-7c-0.7-0.5-0.9-1.5-0.3-2.2c0.3-0.4,0.8-0.6,1.3-0.6   h11.9l3.7-11.3c0.2-0.6,0.8-1.1,1.5-1.1c0.7,0,1.3,0.4,1.5,1.1l3.7,11.3h11.9c0.9,0,1.6,0.7,1.6,1.6c0,0.5-0.2,1-0.6,1.3l-9.6,7   l3.7,11.3c0.3,0.8-0.2,1.7-1,2c-0.5,0.2-1,0.1-1.4-0.2l-9.6-7l-9.6,7C97.3,174.9,97,175,96.7,175L96.7,175z M95,155l6.6,4.8   c0.5,0.4,0.8,1.1,0.6,1.7l-2.5,7.8l6.6-4.8c0.5-0.4,1.3-0.4,1.8,0l6.6,4.8l-2.5-7.8c-0.2-0.6,0-1.4,0.6-1.7l6.6-4.8h-8.2   c-0.7,0-1.3-0.4-1.5-1.1l-2.5-7.8l-2.5,7.8c-0.2,0.6-0.8,1.1-1.5,1.1H95z\"><\/path>\t<path d=\"M107.2,185c-14.3,0-26-11.6-26-25.9s11.6-26,25.9-26s26,11.6,26,25.9c0,0,0,0,0,0C133.1,173.4,121.5,185,107.2,185z    M107.2,136.2c-12.6,0-22.8,10.2-22.8,22.8c0,12.6,10.2,22.8,22.8,22.8s22.8-10.2,22.8-22.8c0,0,0,0,0,0   C130,146.5,119.8,136.2,107.2,136.2L107.2,136.2z\"><\/path><\/g><\/svg>\t\t\t\t<\/span>\n\t\t\t<\/div>\n\t\t\t\n\t\t\t\t\t\t<div class=\"elementor-icon-box-content\">\n\n\t\t\t\t\t\t\t\t\t<h3 class=\"elementor-icon-box-title\">\n\t\t\t\t\t\t<span  >\n\t\t\t\t\t\t\tNuestros clientes hablan de nosotros\t\t\t\t\t\t<\/span>\n\t\t\t\t\t<\/h3>\n\t\t\t\t\n\t\t\t\t\n\t\t\t<\/div>\n\t\t\t\n\t\t<\/div>\n\t\t\t\t\t\t<\/div>\n\t\t\t\t<\/div>\n\t\t\t\t<\/div>\n\t\t<div class=\"elementor-element elementor-element-f8b5fac e-con-full e-flex e-con e-child\" data-id=\"f8b5fac\" data-element_type=\"container\" data-e-type=\"container\">\n\t\t\t\t<div class=\"elementor-element elementor-element-f426792 elementor-skin-carousel elementor-widget elementor-widget-media-carousel\" data-id=\"f426792\" data-element_type=\"widget\" data-e-type=\"widget\" data-settings=\"{&quot;slides_per_view&quot;:&quot;5&quot;,&quot;space_between&quot;:{&quot;unit&quot;:&quot;px&quot;,&quot;size&quot;:50,&quot;sizes&quot;:[]},&quot;slides_per_view_mobile&quot;:&quot;2&quot;,&quot;space_between_mobile&quot;:{&quot;unit&quot;:&quot;px&quot;,&quot;size&quot;:20,&quot;sizes&quot;:[]},&quot;slides_per_view_tablet&quot;:&quot;3&quot;,&quot;space_between_tablet&quot;:{&quot;unit&quot;:&quot;px&quot;,&quot;size&quot;:40,&quot;sizes&quot;:[]},&quot;skin&quot;:&quot;carousel&quot;,&quot;effect&quot;:&quot;slide&quot;,&quot;speed&quot;:500,&quot;autoplay&quot;:&quot;yes&quot;,&quot;autoplay_speed&quot;:5000,&quot;loop&quot;:&quot;yes&quot;,&quot;pause_on_hover&quot;:&quot;yes&quot;,&quot;pause_on_interaction&quot;:&quot;yes&quot;}\" data-widget_type=\"media-carousel.default\">\n\t\t\t\t<div class=\"elementor-widget-container\">\n\t\t\t\t\t\t\t\t\t<div class=\"elementor-swiper\">\n\t\t\t\t\t<div class=\"elementor-main-swiper swiper\" role=\"region\" aria-roledescription=\"carousel\" aria-label=\"Diapositivas\">\n\t\t\t\t<div class=\"swiper-wrapper\">\n\t\t\t\t\t\t\t\t\t\t\t<div class=\"swiper-slide\" role=\"group\" aria-roledescription=\"slide\">\n\t\t\t\t\t\t\t<a href=\"https:\/\/www.google.es\/search?gl=es&#038;hl=es&#038;cs=0&#038;q=Restaurante+El+Pulguilla+Rese%C3%B1as&#038;ludocid=18427697142525548265&#038;sa=X&#038;ved=0CCsQ9fQKKABqFwoTCICig-yN3oYDFQAAAAAdAAAAABAF#lkt=LocalPoiReviews&#038;lpg=cid:CgIgAQ%3D%3D\" target=\"_blank\" rel=\"noopener\">\t\t<div class=\"elementor-carousel-image\" role=\"img\" aria-label=\"reviews-google\" style=\"background-image: url(&#039;https:\/\/www.elpulguilla.com\/wp-content\/uploads\/reviews-google.svg&#039;)\">\n\n\t\t\t\n\t\t\t\t\t<\/div>\n\t\t<\/a>\t\t\t\t\t\t<\/div>\n\t\t\t\t\t\t\t\t\t\t\t<div class=\"swiper-slide\" role=\"group\" aria-roledescription=\"slide\">\n\t\t\t\t\t\t\t<a href=\"https:\/\/www.tripadvisor.es\/Restaurant_Review-g315917-d1625525-Reviews-El_Pulguilla-Nerja_Costa_del_Sol_Province_of_Malaga_Andalucia.html\" target=\"_blank\" rel=\"noopener\">\t\t<div class=\"elementor-carousel-image\" role=\"img\" aria-label=\"tripadvisor\" style=\"background-image: url(&#039;https:\/\/www.elpulguilla.com\/wp-content\/uploads\/tripadvisor.svg&#039;)\">\n\n\t\t\t\n\t\t\t\t\t<\/div>\n\t\t<\/a>\t\t\t\t\t\t<\/div>\n\t\t\t\t\t\t\t\t\t\t\t<div class=\"swiper-slide\" role=\"group\" aria-roledescription=\"slide\">\n\t\t\t\t\t\t\t<a href=\"https:\/\/gastroranking.es\/r\/el-pulguilla_11815\/\" target=\"_blank\" rel=\"noopener\">\t\t<div class=\"elementor-carousel-image\" role=\"img\" aria-label=\"gastroranking\" style=\"background-image: url(&#039;https:\/\/www.elpulguilla.com\/wp-content\/uploads\/gastroranking.svg&#039;)\">\n\n\t\t\t\n\t\t\t\t\t<\/div>\n\t\t<\/a>\t\t\t\t\t\t<\/div>\n\t\t\t\t\t\t\t\t\t\t\t<div class=\"swiper-slide\" role=\"group\" aria-roledescription=\"slide\">\n\t\t\t\t\t\t\t<a href=\"https:\/\/www.minube.com\/rincon\/cerveceria-el-pulguilla-a2186165\" target=\"_blank\" rel=\"noopener\">\t\t<div class=\"elementor-carousel-image\" role=\"img\" aria-label=\"minube\" style=\"background-image: url(&#039;https:\/\/www.elpulguilla.com\/wp-content\/uploads\/minube.svg&#039;)\">\n\n\t\t\t\n\t\t\t\t\t<\/div>\n\t\t<\/a>\t\t\t\t\t\t<\/div>\n\t\t\t\t\t\t\t\t\t\t\t<div class=\"swiper-slide\" role=\"group\" aria-roledescription=\"slide\">\n\t\t\t\t\t\t\t<a href=\"https:\/\/www.sluurpy.es\/nerja\/restaurante\/1842281\/el-pulguilla\" target=\"_blank\" rel=\"noopener\">\t\t<div class=\"elementor-carousel-image\" role=\"img\" aria-label=\"sluurpy\" style=\"background-image: url(&#039;https:\/\/www.elpulguilla.com\/wp-content\/uploads\/sluurpy.svg&#039;)\">\n\n\t\t\t\n\t\t\t\t\t<\/div>\n\t\t<\/a>\t\t\t\t\t\t<\/div>\n\t\t\t\t\t\t\t\t\t\t\t<div class=\"swiper-slide\" role=\"group\" aria-roledescription=\"slide\">\n\t\t\t\t\t\t\t<a href=\"https:\/\/es.restaurantguru.com\/El-Pulguilla-Nerja\" target=\"_blank\" rel=\"noopener\">\t\t<div class=\"elementor-carousel-image\" role=\"img\" aria-label=\"espanol_white\" style=\"background-image: url(&#039;https:\/\/www.elpulguilla.com\/wp-content\/uploads\/espanol_white.svg&#039;)\">\n\n\t\t\t\n\t\t\t\t\t<\/div>\n\t\t<\/a>\t\t\t\t\t\t<\/div>\n\t\t\t\t\t\t\t\t\t<\/div>\n\t\t\t\t\t\t\t\t\t\t\t\t\t\t\t\t\t\t\t\t\t<\/div>\n\t\t\t\t<\/div>\n\t\t\t\t\t\t\t\t<\/div>\n\t\t\t\t<\/div>\n\t\t\t\t<\/div>\n\t\t\t\t<\/div>\n\t\t\t\t<\/div>\n\t\t","protected":false},"excerpt":{"rendered":"<p>El Pulguilla Restaurante Bar A pocos metros del Balc\u00f3n de Europa, s\u00edmbolo de Nerja, se encuentra el Bar-Restaurante El Pulguilla, en pleno coraz\u00f3n de Nerja. Con acceso a pie por Calle Cristo, o con veh\u00edculo por los Huertos de Carabeo. Disfrute del mejor pescado frito y marisco sin salir del casco antiguo de Nerja. Espacioso [&hellip;]<\/p>\n","protected":false},"author":1,"featured_media":0,"parent":0,"menu_order":0,"comment_status":"closed","ping_status":"closed","template":"","meta":{"inline_featured_image":false,"footnotes":""},"class_list":["post-12","page","type-page","status-publish","hentry"],"_links":{"self":[{"href":"https:\/\/www.elpulguilla.com\/en\/wp-json\/wp\/v2\/pages\/12","targetHints":{"allow":["GET"]}}],"collection":[{"href":"https:\/\/www.elpulguilla.com\/en\/wp-json\/wp\/v2\/pages"}],"about":[{"href":"https:\/\/www.elpulguilla.com\/en\/wp-json\/wp\/v2\/types\/page"}],"author":[{"embeddable":true,"href":"https:\/\/www.elpulguilla.com\/en\/wp-json\/wp\/v2\/users\/1"}],"replies":[{"embeddable":true,"href":"https:\/\/www.elpulguilla.com\/en\/wp-json\/wp\/v2\/comments?post=12"}],"version-history":[{"count":451,"href":"https:\/\/www.elpulguilla.com\/en\/wp-json\/wp\/v2\/pages\/12\/revisions"}],"predecessor-version":[{"id":917,"href":"https:\/\/www.elpulguilla.com\/en\/wp-json\/wp\/v2\/pages\/12\/revisions\/917"}],"wp:attachment":[{"href":"https:\/\/www.elpulguilla.com\/en\/wp-json\/wp\/v2\/media?parent=12"}],"curies":[{"name":"wp","href":"https:\/\/api.w.org\/{rel}","templated":true}]}}