{"id":618,"date":"2025-06-26T22:39:29","date_gmt":"2025-06-26T20:39:29","guid":{"rendered":"https:\/\/www.elpulguilla.com\/?page_id=618"},"modified":"2025-06-29T21:29:05","modified_gmt":"2025-06-29T19:29:05","slug":"politica-de-privacidad","status":"publish","type":"page","link":"https:\/\/www.elpulguilla.com\/en\/politica-de-privacidad\/","title":{"rendered":"Privacy Policy"},"content":{"rendered":"<p><\/p>\n\n\n\n<div style=\"height:100px\" aria-hidden=\"true\" class=\"wp-block-spacer\"><\/div>\n\n\n\n<h1 class=\"wp-block-heading\">POL\u00cdTICA DE PRIVACIDAD<\/h1>\n\n\n\n<p>En cumplimiento del Reglamento (UE) 2016\/679 del Parlamento Europeo y del Consejo, de 27 de abril de 2016, relativo a la protecci\u00f3n de las personas f\u00edsicas en lo que respecta al tratamiento de datos personales, por el que se deroga la directiva 95\/46\/CE (en adelante, RGPD), de la Ley 34\/2002, de 11 de julio, de servicios de la sociedad de la informaci\u00f3n y de comercio electr\u00f3nico (en adelante, LSSI-CE) y de la Ley Org\u00e1nica 3\/2018, de Protecci\u00f3n de Datos Personales y garant\u00eda de los derechos digitales, BAR EL PULGUILLA S.L. garantiza la protecci\u00f3n y confidencialidad de los datos personales, de cualquier tipo que nos proporcionen nuestros clientes, de acuerdo con lo dispuesto en el Reglamento General de Protecci\u00f3n de Datos de Car\u00e1cter Personal.<\/p>\n\n\n\n<p>La Pol\u00edtica de Protecci\u00f3n de Datos de BAR EL PULGUILLA S.L. descansa en el principio de responsabilidad proactiva, seg\u00fan el cual el Responsable del tratamiento es responsable del cumplimiento del marco normativo y jurisprudencial, siendo capaz de demostrarlo ante las autoridades de control correspondientes.<\/p>\n\n\n\n<p>Los datos facilitados ser\u00e1n tratados en los t\u00e9rminos establecidos en el RGPD; en este sentido, BAR EL PULGUILLA S.L. ha adoptado los niveles de protecci\u00f3n que legalmente se exigen, y ha instalado todas las medidas t\u00e9cnicas a su alcance para evitar la p\u00e9rdida, mal uso, alteraci\u00f3n, acceso no autorizado por terceros, expuestos a continuaci\u00f3n. No obstante, el usuario debe ser consciente de que las medidas de seguridad en Internet no son inexpugnables.<\/p>\n\n\n\n<p><strong>Responsable del tratamiento: \u00bfQuienes somos?<\/strong><\/p>\n\n\n\n<p>Denominaci\u00f3n: BAR EL PULGUILLA S.L.<\/p>\n\n\n\n<p>CIF: B92466390<\/p>\n\n\n\n<p>Direcci\u00f3n: Calle Almirante Ferrandiz 26, 29780, M\u00e1laga, Nerja<\/p>\n\n\n\n<p>Tel\u00e9fono: +34 952 521 384<\/p>\n\n\n\n<p>Email: info@elpulguilla.com<\/p>\n\n\n\n<p><strong>Tratamiento de datos: \u00bfQu\u00e9 datos tratamos y cu\u00e1l es su origen?<\/strong><\/p>\n\n\n\n<p>Seg\u00fan la relaci\u00f3n que pueda tener con nosotros, se pueden tratar las siguientes categor\u00edas de datos personales, as\u00ed como obtener los datos desde distintas fuentes:<\/p>\n\n\n\n<p><strong>Formularios y llamadas de contacto<\/strong>: Los datos provienen del propio interesado, o de su representante legal. Las categor\u00edas de datos que se tratar\u00e1n son \u00abDatos identificativos\u00bb (nombre, correo electr\u00f3nico y tel\u00e9fono).<\/p>\n\n\n\n<p><strong>Solicitud de presupuestos<\/strong>: Los datos provienen del propio interesado, o de su representante legal. Las categor\u00edas de datos que se tratar\u00e1n son \u00abIdentificativos\u00bb (nombre, correo electr\u00f3nico, tel\u00e9fono).<\/p>\n\n\n\n<p><strong>Prestaci\u00f3n de servicios o venta de productos<\/strong>: Los datos provienen del propio interesado, o de su representante legal. Las categor\u00edas de datos que se tratar\u00e1n son \u00abIdentificativos\u00bb (nombre, correo electr\u00f3nico, tel\u00e9fono, direcci\u00f3n postal) y \u00abEcon\u00f3micos\u00bb (datos bancarios)<\/p>\n\n\n\n<p><strong>Env\u00edo de comunicaciones comerciales<\/strong>: Los datos provienen del propio interesado, o de su representante legal. Las categor\u00edas de datos que se tratar\u00e1n son \u00abIdentificativos\u00bb (nombre, correo electr\u00f3nico, tel\u00e9fono, imagen). Se solicitar\u00e1 consentimiento expreso para ello.<\/p>\n\n\n\n<p><strong>Finalidad del tratamiento<\/strong>: \u00bfPara qu\u00e9 usaremos sus datos?<\/p>\n\n\n\n<p><strong>Formularios de contacto<\/strong>: Todos los datos facilitados por nuestros visitantes en la web de BAR EL PULGUILLA S.L. ser\u00e1n incluidos en registro de actividades de tratamiento de datos de car\u00e1cter personal, creado y mantenido bajo la responsabilidad de BAR EL PULGUILLA S.L., imprescindibles para resolver las dudas o solicitudes de informaci\u00f3n remitidas por nuestros visitantes.<\/p>\n\n\n\n<p><strong>Atenci\u00f3n al cliente<\/strong>: Todos los datos facilitados por nuestros clientes ser\u00e1n incluidos en registro de actividades de tratamiento de datos de car\u00e1cter personal, creado y mantenido bajo la responsabilidad de BAR EL PULGUILLA S.L., imprescindibles para prestar los servicios contratados por nuestros clientes, as\u00ed como para resolver las dudas o cuestiones que nos planteen a trav\u00e9s de nuestros canales de atenci\u00f3n al cliente.<\/p>\n\n\n\n<p><strong>Llamadas recibidas<\/strong>: Todos los datos facilitados por los interesados que contacten a BAR EL PULGUILLA S.L. ser\u00e1n incluidos en registro de actividades de tratamiento de datos de car\u00e1cter personal, creado y mantenido bajo la responsabilidad de BAR EL PULGUILLA S.L., imprescindibles para resolver las dudas o solicitudes de informaci\u00f3n que nos realicen.<\/p>\n\n\n\n<p><strong>Visitantes web<\/strong>: Realizamos un seguimiento anonimizado de los visitantes a la p\u00e1gina web de BAR EL PULGUILLA S.L., para conocer qu\u00e9 p\u00e1ginas y servicios tienen mayor relevancia para nuestros potenciales clientes.<\/p>\n\n\n\n<p><strong>Bolet\u00edn productos y servicios<\/strong>: A los clientes que marquen la casilla de consentimiento de env\u00edo de comunicaciones comerciales\/publicidad, les enviaremos informaci\u00f3n relacionada los productos\/servicios que ofertamos.<\/p>\n\n\n\n<p><strong>Legitimidad del tratamiento<\/strong>: \u00bfPor qu\u00e9 necesitamos sus datos?<\/p>\n\n\n\n<p>a) <strong>Relaci\u00f3n contractual:<\/strong> Es la que aplica cuando contrata alguno de nuestros servicios\/productos.<\/p>\n\n\n\n<p>b) <strong>Inter\u00e9s leg\u00edtimo<\/strong>: Para atender a las consultas y reclamaciones que nos plantee y para gestionar el cobro de las cantidades adeudadas.<\/p>\n\n\n\n<p>c) <strong>Su consentimiento<\/strong>: Si es usuario de nuestra web, mediante la marcaci\u00f3n de la casilla que figura en el formulario de contacto, nos autoriza a que le remitamos las comunicaciones necesarias para dar respuesta a la consulta o solicitud de informaci\u00f3n planteada y el env\u00edo de publicidad con el previo consentimiento del usuario.<\/p>\n\n\n\n<p><strong>Destinatarios<\/strong>: \u00bfCon qui\u00e9n compartimos sus datos?<\/p>\n\n\n\n<p>Cedemos sus datos personales a las entidades necesarias para alcanzar la finalidad del tratamiento y a aquellas entidades a las que estemos obligados con objeto del cumplimiento de alguna ley.<\/p>\n\n\n\n<p>En el caso de que, al margen de los supuestos comentados, necesitemos dar a conocer su informaci\u00f3n personal a otras entidades, le solicitaremos previamente su permiso a trav\u00e9s de opciones claras que le permitir\u00e1n decidir a este respecto.<\/p>\n\n\n\n<p><strong>Comunicaci\u00f3n<\/strong>: \u00bfD\u00f3nde podr\u00edamos enviar tus datos?<\/p>\n\n\n\n<p>No realizaremos transferencias internacionales de sus datos personales para ninguna de las finalidades indicadas.<\/p>\n\n\n\n<p>Conservaci\u00f3n: \u00bfCu\u00e1nto tiempo mantendremos tus datos?<\/p>\n\n\n\n<p>Solo conservaremos sus datos personales durante el tiempo que resulte necesario para lograr los fines para los que fueron recabados. A la hora de determinar el oportuno periodo de conservaci\u00f3n, examinamos los riesgos que conlleva el tratamiento, as\u00ed como nuestras obligaciones contractuales, legales y normativas, las pol\u00edticas internas de conservaci\u00f3n de datos y nuestros intereses de negocio leg\u00edtimos descritos en el presente Aviso de Privacidad y Pol\u00edtica de Cookies.<\/p>\n\n\n\n<p>En este sentido, BAR EL PULGUILLA S.L. conservar\u00e1 los datos personales una vez terminada su relaci\u00f3n con Ud., debidamente bloqueados, durante el plazo de prescripci\u00f3n de las acciones que pudieran derivarse de la relaci\u00f3n mantenida con el interesado.<\/p>\n\n\n\n<p>Una vez bloqueados, sus datos resultar\u00e1n inaccesibles para BAR EL PULGUILLA S.L., y no ser\u00e1n tratados excepto para su puesta a disposici\u00f3n a las Administraciones p\u00fablicas, Jueces y Tribunales, para la atenci\u00f3n de las posibles responsabilidades nacidas de los tratamientos, as\u00ed como para el ejercicio y defensa de reclamaciones ante la Agencia Espa\u00f1ola de Protecci\u00f3n de Datos.<\/p>\n\n\n\n<p><strong>Seguridad<\/strong>: \u00bfC\u00f3mo vamos a proteger sus datos?<\/p>\n\n\n\n<p>Empleamos todos los esfuerzos razonables para mantener la confidencialidad de la informaci\u00f3n personal que se trate en nuestros sistemas. Mantenemos estrictos niveles de seguridad para proteger los datos de car\u00e1cter personal que procesamos frente a p\u00e9rdidas fortuitas y a accesos, tratamientos o revelaciones no autorizados, habida cuenta del estado de la tecnolog\u00eda, la naturaleza y los riesgos a que est\u00e1n expuestos los datos. No obstante, no podemos responsabilizarnos del uso que Ud. haga de los datos (incluido usuario y contrase\u00f1a) que utilice en nuestra web. Nuestro personal sigue estrictas normas de privacidad y en el caso de que contratemos a terceros para prestar servicios de soporte, les exigimos que acaten las mismas normas y nos permitan auditarles para verificar su cumplimiento.<\/p>\n\n\n\n<p><strong>Sus derechos<\/strong>: \u00bfQu\u00e9 derechos puede ejercer como interesado?<\/p>\n\n\n\n<p>Le informamos que podr\u00e1 ejercer los siguientes derechos:<\/p>\n\n\n\n<pre class=\"wp-block-code\"><code>a) Derecho de acceso a sus datos personales, para saber cu\u00e1les est\u00e1n siendo objeto de tratamiento y las operaciones de tratamiento llevadas a cabo con ellos;\nb) Derecho de rectificaci\u00f3n de cualquier dato personal inexacto;\nc) Derecho de supresi\u00f3n de sus datos personales, cuando esto sea posible (por ejemplo, por imperativo legal);\nd) Derecho de limitaci\u00f3n del tratamiento de sus datos personales cuando la exactitud, la legalidad o la necesidad del tratamiento de los datos resulte dudosa, en cuyo caso, podremos conservarlos para el ejercicio o la defensa de reclamaciones.\ne) Derecho de oposici\u00f3n al tratamiento de sus datos personales, cuando la base legal que nos habilite para su tratamiento de las indicadas sea nuestro inter\u00e9s leg\u00edtimo. BAR EL PULGUILLA S.L dejar\u00e1 de tratar tus datos salvo que tenga un inter\u00e9s leg\u00edtimo o sea necesario para la defensa de reclamaciones, cuando proceda este derecho.\nf) Derecho a la portabilidad de sus datos, cuando la base legal que nos habilite para su tratamiento sea la existencia de una relaci\u00f3n contractual o su consentimiento.\ng) Derecho a revocar el consentimiento otorgado a BAR EL PULGUILLA S.L.<\/code><\/pre>\n\n\n\n<p>Para ejercitar sus derechos, puede hacerlo de manera gratuita y en cualquier momento, contactando con nosotros en la direcci\u00f3n Calle Almirante Ferrandiz 26, 29780, M\u00e1laga, Nerja o escribiendo un correo a info@elpulguilla.com.<\/p>\n\n\n\n<p><strong>Tutela de derechos<\/strong>: \u00bfD\u00f3nde puede formular una reclamaci\u00f3n?<\/p>\n\n\n\n<p>En caso de que entienda que sus derechos han sido desatendidos por nuestra entidad, puede formular una reclamaci\u00f3n en la Agencia Espa\u00f1ola de Protecci\u00f3n de Datos, a trav\u00e9s de alguno de los medios siguientes:<\/p>\n\n\n\n<p>.- Sede electr\u00f3nica: https:\/\/www.aepd.es<\/p>\n\n\n\n<p>.- Correo postal: Agencia Espa\u00f1ola de Protecci\u00f3n de Datos, C\/ Jorge Juan, 6, 28001, Madrid<\/p>\n\n\n\n<p>.- Tel\u00e9fono: 901.100.099 y 912.663.517<\/p>\n\n\n\n<p>Formular una reclamaci\u00f3n en la Agencia Espa\u00f1ola de Protecci\u00f3n de Datos no conlleva ning\u00fan coste y no es necesaria la asistencia de abogado ni procurador.<\/p>\n\n\n\n<p><strong>Actualizaciones<\/strong>: \u00bfQu\u00e9 cambios puede haber en esta Pol\u00edtica de Privacidad?<\/p>\n\n\n\n<p>BAR EL PULGUILLA S.L. se reserva el derecho a modificar la presente pol\u00edtica para adaptarla a novedades legislativas o jurisprudenciales que puedan afectar el cumplimiento de la misma.<\/p>\n\n\n\n<p>Con objeto de garantizar el cumplimiento de la normativa sobre protecci\u00f3n de datos de car\u00e1cter personal, BAR EL PULGUILLA S.L. ha recibido los servicios de consultor\u00eda y asesoramiento.<\/p>\n\n\n\n<div style=\"height:100px\" aria-hidden=\"true\" class=\"wp-block-spacer\"><\/div>","protected":false},"excerpt":{"rendered":"<p>POL\u00cdTICA DE PRIVACIDAD En cumplimiento del Reglamento (UE) 2016\/679 del Parlamento Europeo y del Consejo, de 27 de abril de 2016, relativo a la protecci\u00f3n de las personas f\u00edsicas en lo que respecta al tratamiento de datos personales, por el que se deroga la directiva 95\/46\/CE (en adelante, RGPD), de la Ley 34\/2002, de 11 [&hellip;]<\/p>\n","protected":false},"author":1,"featured_media":0,"parent":0,"menu_order":0,"comment_status":"closed","ping_status":"closed","template":"","meta":{"inline_featured_image":false,"footnotes":""},"class_list":["post-618","page","type-page","status-publish","hentry"],"_links":{"self":[{"href":"https:\/\/www.elpulguilla.com\/en\/wp-json\/wp\/v2\/pages\/618","targetHints":{"allow":["GET"]}}],"collection":[{"href":"https:\/\/www.elpulguilla.com\/en\/wp-json\/wp\/v2\/pages"}],"about":[{"href":"https:\/\/www.elpulguilla.com\/en\/wp-json\/wp\/v2\/types\/page"}],"author":[{"embeddable":true,"href":"https:\/\/www.elpulguilla.com\/en\/wp-json\/wp\/v2\/users\/1"}],"replies":[{"embeddable":true,"href":"https:\/\/www.elpulguilla.com\/en\/wp-json\/wp\/v2\/comments?post=618"}],"version-history":[{"count":5,"href":"https:\/\/www.elpulguilla.com\/en\/wp-json\/wp\/v2\/pages\/618\/revisions"}],"predecessor-version":[{"id":858,"href":"https:\/\/www.elpulguilla.com\/en\/wp-json\/wp\/v2\/pages\/618\/revisions\/858"}],"wp:attachment":[{"href":"https:\/\/www.elpulguilla.com\/en\/wp-json\/wp\/v2\/media?parent=618"}],"curies":[{"name":"wp","href":"https:\/\/api.w.org\/{rel}","templated":true}]}}