{"id":624,"date":"2025-06-26T22:51:02","date_gmt":"2025-06-26T20:51:02","guid":{"rendered":"https:\/\/www.elpulguilla.com\/?page_id=624"},"modified":"2025-06-26T22:54:31","modified_gmt":"2025-06-26T20:54:31","slug":"politica-de-cookies","status":"publish","type":"page","link":"https:\/\/www.elpulguilla.com\/en\/politica-de-cookies\/","title":{"rendered":"Cookie Policy"},"content":{"rendered":"<div data-elementor-type=\"wp-page\" data-elementor-id=\"624\" class=\"elementor elementor-624\" data-elementor-post-type=\"page\">\n\t\t\t\t<div class=\"elementor-element elementor-element-b8f6e00 e-flex e-con-boxed e-con e-parent\" data-id=\"b8f6e00\" data-element_type=\"container\" data-e-type=\"container\">\n\t\t\t\t\t<div class=\"e-con-inner\">\n\t\t<div class=\"elementor-element elementor-element-a462477 e-con-full e-flex e-con e-child\" data-id=\"a462477\" data-element_type=\"container\" data-e-type=\"container\">\n\t\t\t\t<div class=\"elementor-element elementor-element-9bd9665 elementor-widget elementor-widget-heading\" data-id=\"9bd9665\" data-element_type=\"widget\" data-e-type=\"widget\" data-widget_type=\"heading.default\">\n\t\t\t\t<div class=\"elementor-widget-container\">\n\t\t\t\t\t<h1 class=\"elementor-heading-title elementor-size-default\">Cookie Policy<\/h1>\t\t\t\t<\/div>\n\t\t\t\t<\/div>\n\t\t\t\t<div class=\"elementor-element elementor-element-d9baef8 elementor-widget elementor-widget-text-editor\" data-id=\"d9baef8\" data-element_type=\"widget\" data-e-type=\"widget\" data-widget_type=\"text-editor.default\">\n\t\t\t\t<div class=\"elementor-widget-container\">\n\t\t\t\t\t\t\t\t\t<p>En la web www.elpulguilla.com (en adelante, el Sitio Web) utilizamos cookies para facilitar la relaci\u00f3n de los visitantes con nuestro contenido y para permitir elaborar estad\u00edsticas sobre las visitantes que recibimos.<\/p><p>Le informamos que podemos utilizar cookies con la finalidad de facilitar su navegaci\u00f3n a trav\u00e9s del Sitio Web, distinguirle de otros usuarios, proporcionarle una mejor experiencia en el uso del mismo, e identificar problemas para mejorar nuestro Sitio Web. Asimismo, en caso de que preste su consentimiento, utilizaremos cookies que nos permitan obtener m\u00e1s informaci\u00f3n acerca de sus preferencias y personalizar nuestro Sitio Web de conformidad con sus intereses individuales.<\/p><p>\u00bfQu\u00e9 son las cookies?<\/p><p>Se denominan cookies a unos peque\u00f1os archivos que se graban en el navegador utilizado por cada visitante de nuestra web para que el servidor pueda recordar la visita de ese usuario con posterioridad cuando vuelva a acceder a nuestros contenidos. Esta informaci\u00f3n no revela su identidad, ni dato personal alguno, ni accede al contenido almacenado en su pc, pero s\u00ed que permite a nuestro sistema identificarle a usted como un usuario determinado que ya visit\u00f3 la web con anterioridad, visualiz\u00f3 determinadas p\u00e1ginas, etc. y adem\u00e1s permite guardar sus preferencias personales e informaci\u00f3n t\u00e9cnica como por ejemplo las visitas realizadas o p\u00e1ginas concretas que visite.<\/p><p>En cumplimiento de la Directiva 2009\/136\/CE, desarrollada en nuestro ordenamiento por el apartado segundo del art\u00edculo 22 de la Ley de Servicios de Sociedad de la Informaci\u00f3n, siguiendo las directrices de la Agencia Espa\u00f1ola de Protecci\u00f3n de Datos, procedemos a informarle detalladamente del uso que se realiza en nuestra web.<\/p><p>La presente pol\u00edtica de cookies tiene por finalidad informarle de manera clara y precisa sobre las cookies que se utilizan en nuestro Sitio Web (la \u201cPol\u00edtica de Cookies\u201d). Respecto de las cookies de terceros, es decir aquellas que son ajenas a nuestro sitio web, no podemos hacernos responsables del contenido y veracidad de las pol\u00edticas de privacidad que ellos incluyen por lo que la informaci\u00f3n que le ofrecemos es siempre con referencia a la fuente.<\/p><p>A continuaci\u00f3n, se realiza una clasificaci\u00f3n de las cookies en funci\u00f3n de una serie de categor\u00edas. No obstante es necesario tener en cuenta que una misma cookie puede estar incluida en m\u00e1s de una categor\u00eda.<\/p><p>Tipos de cookies seg\u00fan la entidad que las gestiona<\/p><p>\u2013 Cookies propias: Son aqu\u00e9llas que se env\u00edan al equipo terminal del usuario desde un equipo o dominio gestionado por el propio editor y desde el que se presta el servicio solicitado por el usuario.<\/p><p>\u2013 Cookies de terceros: Son aqu\u00e9llas que se env\u00edan al equipo terminal del usuario desde un equipo o dominio que no es gestionado por el editor, sino por otra entidad que trata los datos<\/p><p>Tipos de cookies seg\u00fan el plazo de tiempo que permanecen activas<\/p><p>\u2013 Cookies de sesi\u00f3n: Son un tipo de cookies dise\u00f1adas para recabar y almacenar datos mientras el usuario accede a una p\u00e1gina web.<\/p><p>\u2013 Cookies persistentes: Son un tipo de cookies en el que los datos siguen almacenados en el terminal y pueden ser accedidos y tratados durante un periodo definido por el responsable de la cookie, y que puede ir de unos minutos a varios a\u00f1os.<\/p><p>Tipos de cookies seg\u00fan su finalidad<\/p><p>\u2013 Cookies t\u00e9cnicas: Aqu\u00e9llas que permiten al usuario la navegaci\u00f3n a trav\u00e9s de una p\u00e1gina web, plataforma o aplicaci\u00f3n y la utilizaci\u00f3n de las diferentes opciones o servicios que en ella existan como, por ejemplo, controlar el tr\u00e1fico y la comunicaci\u00f3n de datos, identificar la sesi\u00f3n, acceder a partes de acceso restringido, recordar los elementos que integran un pedido, realizar el proceso de compra de un pedido, realizar la solicitud de inscripci\u00f3n o participaci\u00f3n en un evento, utilizar elementos de seguridad durante la navegaci\u00f3n, almacenar contenidos para la difusi\u00f3n de videos o sonido o compartir contenidos a trav\u00e9s de redes sociales.<\/p><p>\u2013 Cookies de personalizaci\u00f3n: Son aqu\u00e9llas que permiten al usuario acceder al servicio con algunas caracter\u00edsticas de car\u00e1cter general predefinidas en funci\u00f3n de una serie de criterios en el terminal del usuario como por ejemplo serian el idioma, el tipo de navegador a trav\u00e9s del cual accede al servicio, la configuraci\u00f3n regional desde donde accede al servicio, etc.<\/p><p>\u2013 Cookies publicitarias: Son aqu\u00e9llas que permiten la gesti\u00f3n, de la forma m\u00e1s eficaz posible, de los espacios publicitarios que, en su caso, el editor haya incluido en una p\u00e1gina web, aplicaci\u00f3n o plataforma desde la que presta el servicio solicitado en base a criterios como el contenido editado o la frecuencia en la que se muestran los anuncios.<\/p><p>\u2013 Cookies de publicidad comportamental: Son aqu\u00e9llas que permiten la gesti\u00f3n, de la forma m\u00e1s eficaz posible, de los espacios publicitarios que, en su caso, el editor haya incluido en una p\u00e1gina web, aplicaci\u00f3n o plataforma desde la que presta el servicio solicitado. Estas cookies almacenan informaci\u00f3n del comportamiento de los usuarios obtenida a trav\u00e9s de la observaci\u00f3n continuada de sus h\u00e1bitos de navegaci\u00f3n, lo que permite desarrollar un perfil espec\u00edfico para mostrar publicidad en funci\u00f3n del mismo.<\/p><p>\u2013 Cookies de an\u00e1lisis: Son aqu\u00e9llas que permiten al responsable de las mismas, el seguimiento y an\u00e1lisis del comportamiento de los usuarios de los sitios web a los que est\u00e1n vinculadas. La informaci\u00f3n recogida mediante este tipo de cookies se utiliza en la medici\u00f3n de la actividad de los sitios web, aplicaci\u00f3n o plataforma y para la elaboraci\u00f3n de perfiles de navegaci\u00f3n de los usuarios de dichos sitios, aplicaciones y plataformas, con el fin de introducir mejoras en funci\u00f3n del an\u00e1lisis de los datos de uso que hacen los usuarios del servicio.<\/p><p>Respecto al tratamiento de datos recabados a trav\u00e9s de las cookies de an\u00e1lisis, a pesar de que no est\u00e1n exentas del deber de obtener un consentimiento informado para su uso, es poco probable que representen un riesgo para la privacidad de los usuarios siempre que se trate de cookies de primera parte, que traten datos agregados con una finalidad estrictamente estad\u00edstica, que se facilite informaci\u00f3n sobre sus uso y se incluya la posibilidad de que los usuarios manifiesten su negativa sobre su utilizaci\u00f3n.<\/p><p>Actualmente, la mayor\u00eda de los navegadores vienen configurados por defecto para bloquear la instalaci\u00f3n de cookies de publicidad o terceros en su equipo. El usuario puede ampliar las restricciones de origen, impidiendo la entrada de cualquier tipo de cookie, o eliminar dichas restricciones, aceptando la entrada de cualquier tipo de cookies. Si est\u00e1 interesado en admitir cookies de publicidad o de terceros, podr\u00e1 configurar su navegador a tal fin.<\/p><p>La aceptaci\u00f3n realizada por el usuario, haciendo click en el bot\u00f3n de ACEPTAR mostrado en la informaci\u00f3n inicial sobre cookies, implica que est\u00e1 consintiendo expresamente al responsable para su utilizaci\u00f3n, pudiendo ejercer sus derechos y revocar su consentimiento en cualquier momento, a trav\u00e9s de solicitud a FRANCISCO URBANO LOMAS.<\/p><p>A continuaci\u00f3n, le informamos detalladamente todas las cookies que podr\u00edan llegar a instalarse desde nuestro sitio web. En funci\u00f3n de su navegaci\u00f3n, de la configuraci\u00f3n de su navegador y de la aceptaci\u00f3n o rechazo de las mismas, podr\u00e1n instalarse todas o s\u00f3lo algunas de ellas:<\/p>\t\t\t\t\t\t\t\t<\/div>\n\t\t\t\t<\/div>\n\t\t\t\t<div class=\"elementor-element elementor-element-b551959 elementor-widget elementor-widget-text-editor\" data-id=\"b551959\" data-element_type=\"widget\" data-e-type=\"widget\" data-widget_type=\"text-editor.default\">\n\t\t\t\t<div class=\"elementor-widget-container\">\n\t\t\t\t\t\t\t\t\t<table class=\"dcf-table dcf-table-responsive dcf-table-bordered dcf-table-striped dcf-w-100%\">\n\t<thead>\n\t\t<tr>\n\t\t\t<th scope=\"col\">COOKIE<\/th>\n\t\t\t<th scope=\"col\">PROVEEDOR<\/th>\n\t\t\t<th scope=\"col\">FUNCIONALIDAD<\/th>\n\t\t\t<th scope=\"col\">EXPIRACI\u00d3N<\/th>\n\t\t\t<th scope=\"col\">CATEGOR\u00cdA<\/th>\n\t\t\t<th scope=\"col\">PROPIEDAD<\/th>\n\t\t<\/tr>\n\t<\/thead>\n\t<tbody>\n\t\t<tr>\n\t\t\t<td data-label=\"COOKIE\">_gcl_au<\/td>\n\t\t\t<td data-label=\"PROVEEDOR\">Google AdSense<\/td>\n\t\t\t<td data-label=\"FUNCIONALIDAD\">Utilizada por Google AdSense para experimentar con la eficiencia publicitaria a trav\u00e9s de las webs usando sus servicios.<\/td>\n\t\t\t<td data-label=\"EXPIRACI\u00d3N\">90 d\u00edas<\/td>\n\t\t\t<td data-label=\"CATEGOR\u00cdA\">Publicitarias<\/td>\n\t\t\t<td data-label=\"PROPIEDAD\">Propia<\/td>\n\t\t<\/tr>\n\t\t<tr>\n\t\t\t<td data-label=\"COOKIE\">_fbp<\/td>\n\t\t\t<td data-label=\"PROVEEDOR\">Facebook<\/td>\n\t\t\t<td data-label=\"FUNCIONALIDAD\">Utilizada por Facebook para proporcionar una serie de productos publicitarios como pujas en tiempo real de terceros anunciantes.<\/td>\n\t\t\t<td data-label=\"EXPIRACI\u00d3N\">90 d\u00edas<\/td>\n\t\t\t<td data-label=\"CATEGOR\u00cdA\">Publicitarias<\/td>\n\t\t\t<td data-label=\"PROPIEDAD\">Terceros<\/td>\n\t\t<\/tr>\n\t\t<tr>\n\t\t\t<td data-label=\"COOKIE\">dc_gtm_UA<\/td>\n\t\t\t<td data-label=\"PROVEEDOR\">Google Analytics<\/td>\n\t\t\t<td data-label=\"FUNCIONALIDAD\">Se utiliza para ayudar a identificar a los visitantes por edad, g\u00e9nero o intereses por DoubleClick \u2013 Google Tag Manager.<\/td>\n\t\t\t<td data-label=\"EXPIRACI\u00d3N\">10 minutos<\/td>\n\t\t\t<td data-label=\"CATEGOR\u00cdA\">An\u00e1lisis<\/td>\n\t\t\t<td data-label=\"PROPIEDAD\">Terceros<\/td>\n\t\t<\/tr>\n\t\t<tr>\n\t\t\t<td data-label=\"COOKIE\">_ga<\/td>\n\t\t\t<td data-label=\"PROVEEDOR\">Google Analytics<\/td>\n\t\t\t<td data-label=\"FUNCIONALIDAD\">Registra una identificaci\u00f3n \u00fanica que se utiliza para generar datos estad\u00edsticos acerca de c\u00f3mo utiliza el visitante el sitio web.<\/td>\n\t\t\t<td data-label=\"EXPIRACI\u00d3N\">2 a\u00f1os<\/td>\n\t\t\t<td data-label=\"CATEGOR\u00cdA\">An\u00e1lisis<\/td>\n\t\t\t<td data-label=\"PROPIEDAD\">Terceros<\/td>\n\t\t<\/tr>\n\t\t<tr>\n\t\t\t<td data-label=\"COOKIE\">_gat<\/td>\n\t\t\t<td data-label=\"PROVEEDOR\">Google Analytics<\/td>\n\t\t\t<td data-label=\"FUNCIONALIDAD\">Utilizado por Google Analytics para controlar la tasa de peticiones.<\/td>\n\t\t\t<td data-label=\"EXPIRACI\u00d3N\">1 d\u00eda<\/td>\n\t\t\t<td data-label=\"CATEGOR\u00cdA\">An\u00e1lisis<\/td>\n\t\t\t<td data-label=\"PROPIEDAD\">Terceros<\/td>\n\t\t<\/tr>\n\t\t<tr>\n\t\t\t<td data-label=\"COOKIE\">_gid<\/td>\n\t\t\t<td data-label=\"PROVEEDOR\">Google Analytics<\/td>\n\t\t\t<td data-label=\"FUNCIONALIDAD\">Registra una identificaci\u00f3n \u00fanica que se utiliza para generar datos estad\u00edsticos acerca de c\u00f3mo utiliza el visitante el sitio web.<\/td>\n\t\t\t<td data-label=\"EXPIRACI\u00d3N\">1 d\u00eda<\/td>\n\t\t\t<td data-label=\"CATEGOR\u00cdA\">An\u00e1lisis<\/td>\n\t\t\t<td data-label=\"PROPIEDAD\">Terceros<\/td>\n\t\t<\/tr>\n\t\t<tr>\n\t\t\t<td data-label=\"COOKIE\">_gali<\/td>\n\t\t\t<td data-label=\"PROVEEDOR\">Google Analytics<\/td>\n\t\t\t<td data-label=\"FUNCIONALIDAD\">Utilitzada por Google Analytics para registrar los elementos de la p\u00e1gina anterior con los que el usuario ha interactuado para llegar a la p\u00e1gina actual.<\/td>\n\t\t\t<td data-label=\"EXPIRACI\u00d3N\">1 d\u00eda<\/td>\n\t\t\t<td data-label=\"CATEGOR\u00cdA\">An\u00e1lisis<\/td>\n\t\t\t<td data-label=\"PROPIEDAD\">Terceros<\/td>\n\t\t<\/tr>\n\t\t<tr>\n\t\t\t<td data-label=\"COOKIE\">YSC<\/td>\n\t\t\t<td data-label=\"PROVEEDOR\">Youtube<\/td>\n\t\t\t<td data-label=\"FUNCIONALIDAD\">Mide las reproducciones de videos realizadas por el usuario y registra los eventos de \u00abMe gusta\u00bb o \u00abCompartir video\u00bb. Es una cookie de sesi\u00f3n, caducando cuando finaliza la sesi\u00f3n con el navegador.<\/td>\n\t\t\t<td data-label=\"EXPIRACI\u00d3N\">Sesi\u00f3n<\/td>\n\t\t\t<td data-label=\"CATEGOR\u00cdA\">An\u00e1lisis<\/td>\n\t\t\t<td data-label=\"PROPIEDAD\">Terceros<\/td>\n\t\t<\/tr>\n\t\t<tr>\n\t\t\t<td data-label=\"COOKIE\">VISITOR_INFO1_LIVE<\/td>\n\t\t\t<td data-label=\"PROVEEDOR\">Youtube<\/td>\n\t\t\t<td data-label=\"FUNCIONALIDAD\">Calcular el ancho de banda del usuario en p\u00e1ginas con v\u00eddeos de YouTube integrados.<\/td>\n\t\t\t<td data-label=\"EXPIRACI\u00d3N\">Sesi\u00f3n<\/td>\n\t\t\t<td data-label=\"CATEGOR\u00cdA\">An\u00e1lisis<\/td>\n\t\t\t<td data-label=\"PROPIEDAD\">Terceros<\/td>\n\t\t<\/tr>\n\t\t<tr>\n\t\t\t<td data-label=\"COOKIE\">CONSENT<\/td>\n\t\t\t<td data-label=\"PROVEEDOR\">Youtube<\/td>\n\t\t\t<td data-label=\"FUNCIONALIDAD\">Utilizada para detectar si el visitante ha aceptado la categor\u00eda de marketing en el banner de cookies. Esta cookie es necesaria para que la web cumpla con el RGPD.<\/td>\n\t\t\t<td data-label=\"EXPIRACI\u00d3N\">18 a\u00f1os\t<\/td>\n\t\t\t<td data-label=\"CATEGOR\u00cdA\">An\u00e1lisis<\/td>\n\t\t\t<td data-label=\"PROPIEDAD\">Terceros<\/td>\n\t\t<\/tr>\n\t\t<tr>\n\t\t\t<td data-label=\"COOKIE\">GPS<\/td>\n\t\t\t<td data-label=\"PROVEEDOR\">Youtube<\/td>\n\t\t\t<td data-label=\"FUNCIONALIDAD\">Youtube establece esta cookie y registra una identificaci\u00f3n \u00fanica para rastrear a los usuarios seg\u00fan su ubicaci\u00f3n geogr\u00e1fica.<\/td>\n\t\t\t<td data-label=\"EXPIRACI\u00d3N\">1 d\u00eda<\/td>\n\t\t\t<td data-label=\"CATEGOR\u00cdA\">An\u00e1lisis<\/td>\n\t\t\t<td data-label=\"PROPIEDAD\">Terceros\n<\/td>\n\t\t<\/tr>\n\t\t<tr>\n\t\t\t<td data-label=\"COOKIE\">IDE\t<\/td>\n\t\t\t<td data-label=\"PROVEEDOR\">Youtube<\/td>\n\t\t\t<td data-label=\"FUNCIONALIDAD\">Youtube establece esta cookie y registra una identificaci\u00f3n \u00fanica para rastrear a los usuarios seg\u00fan su ubicaci\u00f3n geogr\u00e1fica.\t<\/td>\n\t\t\t<td data-label=\"EXPIRACI\u00d3N\">1 a\u00f1o\t<\/td>\n\t\t\t<td data-label=\"CATEGOR\u00cdA\">Publicitarias<\/td>\n\t\t\t<td data-label=\"PROPIEDAD\">Terceros\n<\/td>\n\t\t<\/tr>\n\t\t<tr>\n\t\t\t<td data-label=\"COOKIE\">s_gl\t<\/td>\n\t\t\t<td data-label=\"PROVEEDOR\">Youtube\t<\/td>\n\t\t\t<td data-label=\"FUNCIONALIDAD\">Youtube establece esta cookie y registra una identificaci\u00f3n \u00fanica para rastrear a los usuarios seg\u00fan su ubicaci\u00f3n geogr\u00e1fica.\t<\/td>\n\t\t\t<td data-label=\"EXPIRACI\u00d3N\">Sesi\u00f3n\t<\/td>\n\t\t\t<td data-label=\"CATEGOR\u00cdA\">An\u00e1lisis\t<\/td>\n\t\t\t<td data-label=\"PROPIEDAD\">Terceros\n<\/td>\n\t\t<\/tr>\n\t\t<tr>\n\t\t\t<td data-label=\"COOKIE\">ig_did\t<\/td>\n\t\t\t<td data-label=\"PROVEEDOR\">Instagram\t<\/td>\n\t\t\t<td data-label=\"FUNCIONALIDAD\">Youtube establece esta cookie y registra una identificaci\u00f3n \u00fanica para rastrear a los usuarios seg\u00fan su ubicaci\u00f3n geogr\u00e1fica.\t<\/td>\n\t\t\t<td data-label=\"EXPIRACI\u00d3N\">30 d\u00edas\t<\/td>\n\t\t\t<td data-label=\"CATEGOR\u00cdA\">An\u00e1lisis\t<\/td>\n\t\t\t<td data-label=\"PROPIEDAD\">Terceros\n<\/td>\n\t\t<\/tr>\n\t\t<tr>\n\t\t\t<td data-label=\"COOKIE\">mid\t<\/td>\n\t\t\t<td data-label=\"PROVEEDOR\">Instagram\t<\/td>\n\t\t\t<td data-label=\"FUNCIONALIDAD\">Instagram utiliza estas cookies de sesi\u00f3n para integrar el servicio en el sitio web, habilitar la funcionalidad de las redes sociales dentro del sitio web de forma segura evitando cualquier falsificaci\u00f3n de solicitud entre sitios.\t<\/td>\n\t\t\t<td data-label=\"EXPIRACI\u00d3N\">30 d\u00edas\t<\/td>\n\t\t\t<td data-label=\"CATEGOR\u00cdA\">An\u00e1lisis\t<\/td>\n\t\t\t<td data-label=\"PROPIEDAD\">Terceros\n<\/td>\n\t\t<\/tr>\n\t\t<tr>\n\t\t\t<td data-label=\"COOKIE\">Urlgen\t<\/td>\n\t\t\t<td data-label=\"PROVEEDOR\">Instagram\t<\/td>\n\t\t\t<td data-label=\"FUNCIONALIDAD\">Instagram utiliza estas cookies de sesi\u00f3n para integrar el servicio en el sitio web, habilitar la funcionalidad de las redes sociales dentro del sitio web de forma segura evitando cualquier falsificaci\u00f3n de solicitud entre sitios.\t<\/td>\n\t\t\t<td data-label=\"EXPIRACI\u00d3N\">Sesi\u00f3n\t<\/td>\n\t\t\t<td data-label=\"CATEGOR\u00cdA\">T\u00e9cnicas\t<\/td>\n\t\t\t<td data-label=\"PROPIEDAD\">Terceros\n<\/td>\n\t\t<\/tr>\n\t<\/tbody>\n<\/table>\t\t\t\t\t\t\t\t<\/div>\n\t\t\t\t<\/div>\n\t\t<div class=\"elementor-element elementor-element-f053ab3 e-con-full e-flex e-con e-child\" data-id=\"f053ab3\" data-element_type=\"container\" data-e-type=\"container\">\n\t\t\t\t<div class=\"elementor-element elementor-element-303a08e elementor-widget elementor-widget-text-editor\" data-id=\"303a08e\" data-element_type=\"widget\" data-e-type=\"widget\" data-widget_type=\"text-editor.default\">\n\t\t\t\t<div class=\"elementor-widget-container\">\n\t\t\t\t\t\t\t\t\t<p>Es posible que actualicemos la Pol\u00edtica de Cookies de nuestro Sitio Web, por ello le recomendamos revisar esta pol\u00edtica cada vez que acceda a nuestro Sitio Web con el objetivo de estar adecuadamente informado sobre c\u00f3mo y para qu\u00e9 usamos las cookies.<\/p><p>La finalidad de las cookies es la de facilitar al Usuario un acceso m\u00e1s r\u00e1pido a los Servicios seleccionados.<\/p><p>Si usted no desea que se guarden cookies en su navegador o prefiere recibir una informaci\u00f3n cada vez que una cookie solicite instalarse, puede configurar sus opciones de navegaci\u00f3n para que se haga de esa forma. La mayor parte de los navegadores permiten la gesti\u00f3n de las cookies de 3 formas diferentes:<\/p><p>\u2013 Las cookies son siempre rechazadas;<\/p><p>\u2013 El navegador pregunta si el usuario desea instalar cada cookie;<\/p><p>\u2013Las cookies son siempre aceptadas;<\/p><p>Su navegador tambi\u00e9n puede incluir la posibilidad de seleccionar con detalle las cookies que desea que se instalen en su ordenador. En concreto, el usuario puede normalmente aceptar alguna de las siguientes opciones:<\/p><p>\u2013 Rechazar las cookies de determinados dominios;<\/p><p>\u2013 Rechazar las cookies de terceros;<\/p><p>\u2013 Aceptar cookies como no persistentes (se eliminan cuando el navegador se cierra);<\/p><p>\u2013 Permitir al servidor crear cookies para un dominio diferente.<\/p><p>Para permitir, conocer, bloquear o eliminar las cookies instaladas en su equipo puede hacerlo mediante la configuraci\u00f3n de las opciones del navegador instalado en su ordenador. Puede encontrar informaci\u00f3n sobre c\u00f3mo configurar los navegadores m\u00e1s usados en las siguientes ubicaciones:<\/p><p>\u2022 Internet Explorer: Herramientas -&gt; Opciones de Internet -&gt; Privacidad -&gt; Configuraci\u00f3n. Para m\u00e1s informaci\u00f3n, puede consultar el soporte de Microsoft o la Ayuda del navegador.<\/p><p>\u2022 Firefox: Herramientas -&gt; Opciones -&gt; Privacidad -&gt; Historial -&gt; Configuraci\u00f3n Personalizada. Para m\u00e1s informaci\u00f3n, puede consultar el soporte de Mozilla o la Ayuda del navegador.<\/p><p>\u2022 Chrome: Configuraci\u00f3n -&gt; Mostrar opciones avanzadas -&gt; Privacidad -&gt; Configuraci\u00f3n de contenido. Para m\u00e1s informaci\u00f3n, puede consultar el soporte de Google o la Ayuda del navegador.<\/p><p>\u2022 Safari: Preferencias -&gt; Seguridad. Para m\u00e1s informaci\u00f3n, puede consultar el soporte de Apple o la Ayuda del navegador.<\/p><p>Si ha aceptado cargar las cookies de Google Analytics, tambi\u00e9n puede revocar en cualquier momento dicha aceptaci\u00f3n utilizando el \u00abComplemento de inhabilitaci\u00f3n para navegadores de Google Analytics\u00bb, accediendo a la siguiente p\u00e1gina web y siguiendo las instrucciones que ah\u00ed se detallan: https:\/\/tools.google.com\/dlpage\/gaoptout?hl=es<\/p>\t\t\t\t\t\t\t\t<\/div>\n\t\t\t\t<\/div>\n\t\t\t\t<\/div>\n\t\t\t\t<\/div>\n\t\t\t\t\t<\/div>\n\t\t\t\t<\/div>\n\t\t\t\t<\/div>","protected":false},"excerpt":{"rendered":"<p>Pol\u00edtica de Cookies En la web www.elpulguilla.com (en adelante, el Sitio Web) utilizamos cookies para facilitar la relaci\u00f3n de los visitantes con nuestro contenido y para permitir elaborar estad\u00edsticas sobre las visitantes que recibimos. Le informamos que podemos utilizar cookies con la finalidad de facilitar su navegaci\u00f3n a trav\u00e9s del Sitio Web, distinguirle de otros [&hellip;]<\/p>\n","protected":false},"author":1,"featured_media":0,"parent":0,"menu_order":0,"comment_status":"closed","ping_status":"closed","template":"","meta":{"inline_featured_image":false,"footnotes":""},"class_list":["post-624","page","type-page","status-publish","hentry"],"_links":{"self":[{"href":"https:\/\/www.elpulguilla.com\/en\/wp-json\/wp\/v2\/pages\/624","targetHints":{"allow":["GET"]}}],"collection":[{"href":"https:\/\/www.elpulguilla.com\/en\/wp-json\/wp\/v2\/pages"}],"about":[{"href":"https:\/\/www.elpulguilla.com\/en\/wp-json\/wp\/v2\/types\/page"}],"author":[{"embeddable":true,"href":"https:\/\/www.elpulguilla.com\/en\/wp-json\/wp\/v2\/users\/1"}],"replies":[{"embeddable":true,"href":"https:\/\/www.elpulguilla.com\/en\/wp-json\/wp\/v2\/comments?post=624"}],"version-history":[{"count":7,"href":"https:\/\/www.elpulguilla.com\/en\/wp-json\/wp\/v2\/pages\/624\/revisions"}],"predecessor-version":[{"id":631,"href":"https:\/\/www.elpulguilla.com\/en\/wp-json\/wp\/v2\/pages\/624\/revisions\/631"}],"wp:attachment":[{"href":"https:\/\/www.elpulguilla.com\/en\/wp-json\/wp\/v2\/media?parent=624"}],"curies":[{"name":"wp","href":"https:\/\/api.w.org\/{rel}","templated":true}]}}